{"id":2,"date":"2020-02-29T17:51:19","date_gmt":"2020-02-29T16:51:19","guid":{"rendered":"http:\/\/maler-swoboda.de\/cms\/?page_id=2"},"modified":"2020-03-12T17:00:05","modified_gmt":"2020-03-12T16:00:05","slug":"beispiel-seite","status":"publish","type":"page","link":"https:\/\/maler-swoboda.de\/cms\/","title":{"rendered":"Matthias Swoboda <BR>Maler- und Lackierermeister"},"content":{"rendered":"\n<figure class=\"wp-block-image size-large\"><img decoding=\"async\" loading=\"lazy\" width=\"1024\" height=\"768\" src=\"http:\/\/maler-swoboda.de\/cms\/wp-content\/uploads\/2020\/03\/DSCF1197-1024x768.jpg\" alt=\"Unser Chef in Aktion\" class=\"wp-image-54\" srcset=\"https:\/\/maler-swoboda.de\/cms\/wp-content\/uploads\/2020\/03\/DSCF1197-1024x768.jpg 1024w, https:\/\/maler-swoboda.de\/cms\/wp-content\/uploads\/2020\/03\/DSCF1197-300x225.jpg 300w, https:\/\/maler-swoboda.de\/cms\/wp-content\/uploads\/2020\/03\/DSCF1197-768x576.jpg 768w, https:\/\/maler-swoboda.de\/cms\/wp-content\/uploads\/2020\/03\/DSCF1197-1536x1152.jpg 1536w, https:\/\/maler-swoboda.de\/cms\/wp-content\/uploads\/2020\/03\/DSCF1197-2048x1536.jpg 2048w\" sizes=\"(max-width: 767px) 89vw, (max-width: 1000px) 54vw, (max-width: 1071px) 543px, 580px\" \/><\/figure>\n\n\n\n<p>Qualit\u00e4t und Kompetenz vom Fachmann f\u00fcr Ihre W\u00fcnsche  <em>rund ums Haus<\/em>.<\/p>\n\n\n\n<p>Unsere Leistungen f\u00fcr Sie:<\/p>\n\n\n\n<ul><li>s\u00e4mtliche Maler- und Lackierarbeiten<\/li><li>Fassadenanstriche mit Ger\u00fcststellung<\/li><li>Bodenbel\u00e4ge: Parkett, Laminat, Textil, Vinyl<\/li><li>Gipser- und Trockenbauarbeiten<\/li><\/ul>\n\n\n\n<blockquote class=\"wp-block-quote\"><p>Gemeinsam mit unseren zuverl\u00e4ssigen Partnerunternehmen \u00fcbernehmen wir gerne Hand in Hand:<\/p><\/blockquote>\n\n\n\n<ul><li>Elektroarbeiten<\/li><li>Sanit\u00e4r und Heizung<\/li><li>Reinigungsarbeiten<\/li><li>&#8230; und vieles mehr<\/li><\/ul>\n\n\n\n<blockquote class=\"wp-block-quote\"><p>&#8230;. und wenn Sie mithelfen wollen:<\/p><p> <img decoding=\"async\" loading=\"lazy\" width=\"1000\" height=\"750\" class=\"wp-image-49\" style=\"width: 360px;\" src=\"http:\/\/maler-swoboda.de\/cms\/wp-content\/uploads\/2020\/03\/Depositphotos_3065361_s-2019.jpg\" alt=\"\" srcset=\"https:\/\/maler-swoboda.de\/cms\/wp-content\/uploads\/2020\/03\/Depositphotos_3065361_s-2019.jpg 1000w, https:\/\/maler-swoboda.de\/cms\/wp-content\/uploads\/2020\/03\/Depositphotos_3065361_s-2019-300x225.jpg 300w, https:\/\/maler-swoboda.de\/cms\/wp-content\/uploads\/2020\/03\/Depositphotos_3065361_s-2019-768x576.jpg 768w\" sizes=\"(max-width: 767px) 89vw, (max-width: 1000px) 54vw, (max-width: 1071px) 543px, 580px\" \/><\/p><\/blockquote>\n\n\n\n<p><\/p>\n","protected":false},"excerpt":{"rendered":"<p>Qualit\u00e4t und Kompetenz vom Fachmann f\u00fcr Ihre W\u00fcnsche rund ums Haus. Unsere Leistungen f\u00fcr Sie: s\u00e4mtliche Maler- und Lackierarbeiten Fassadenanstriche mit Ger\u00fcststellung Bodenbel\u00e4ge: Parkett, Laminat, Textil, Vinyl Gipser- und Trockenbauarbeiten Gemeinsam mit unseren zuverl\u00e4ssigen Partnerunternehmen \u00fcbernehmen wir gerne Hand in Hand: Elektroarbeiten Sanit\u00e4r und Heizung Reinigungsarbeiten &#8230; und vieles mehr &#8230;. und wenn Sie mithelfen &hellip; <\/p>\n<p class=\"link-more\"><a href=\"https:\/\/maler-swoboda.de\/cms\/\" class=\"more-link\"><span class=\"screen-reader-text\">\u201eMatthias Swoboda <BR>Maler- und Lackierermeister\u201c<\/span> weiterlesen<\/a><\/p>\n","protected":false},"author":1,"featured_media":0,"parent":0,"menu_order":0,"comment_status":"closed","ping_status":"open","template":"","meta":[],"_links":{"self":[{"href":"https:\/\/maler-swoboda.de\/cms\/wp-json\/wp\/v2\/pages\/2"}],"collection":[{"href":"https:\/\/maler-swoboda.de\/cms\/wp-json\/wp\/v2\/pages"}],"about":[{"href":"https:\/\/maler-swoboda.de\/cms\/wp-json\/wp\/v2\/types\/page"}],"author":[{"embeddable":true,"href":"https:\/\/maler-swoboda.de\/cms\/wp-json\/wp\/v2\/users\/1"}],"replies":[{"embeddable":true,"href":"https:\/\/maler-swoboda.de\/cms\/wp-json\/wp\/v2\/comments?post=2"}],"version-history":[{"count":12,"href":"https:\/\/maler-swoboda.de\/cms\/wp-json\/wp\/v2\/pages\/2\/revisions"}],"predecessor-version":[{"id":91,"href":"https:\/\/maler-swoboda.de\/cms\/wp-json\/wp\/v2\/pages\/2\/revisions\/91"}],"wp:attachment":[{"href":"https:\/\/maler-swoboda.de\/cms\/wp-json\/wp\/v2\/media?parent=2"}],"curies":[{"name":"wp","href":"https:\/\/api.w.org\/{rel}","templated":true}]}}